{"id":2434,"date":"2024-08-03T13:58:30","date_gmt":"2024-08-03T10:58:30","guid":{"rendered":"https:\/\/niijdawv.elementor.cloud\/vuokraus\/"},"modified":"2025-01-28T17:26:08","modified_gmt":"2025-01-28T14:26:08","slug":"vuokraus","status":"publish","type":"page","link":"https:\/\/www.engmanservices.fi\/fi\/vuokraus\/","title":{"rendered":"Vuokraus"},"content":{"rendered":"\t\t<div data-elementor-type=\"wp-page\" data-elementor-id=\"2434\" class=\"elementor elementor-2434 elementor-907\" data-elementor-post-type=\"page\">\n\t\t\t\t\t\t<section class=\"elementor-section elementor-top-section elementor-element elementor-element-436b2108 elementor-section-boxed elementor-section-height-default elementor-section-height-default\" data-id=\"436b2108\" data-element_type=\"section\" data-e-type=\"section\" data-settings=\"{&quot;background_background&quot;:&quot;classic&quot;}\">\n\t\t\t\t\t\t\t<div class=\"elementor-background-overlay\"><\/div>\n\t\t\t\t\t\t\t<div class=\"elementor-container elementor-column-gap-default\">\n\t\t\t\t\t<div class=\"elementor-column elementor-col-100 elementor-top-column elementor-element elementor-element-214630c9\" data-id=\"214630c9\" data-element_type=\"column\" data-e-type=\"column\">\n\t\t\t<div class=\"elementor-widget-wrap elementor-element-populated\">\n\t\t\t\t\t\t<div class=\"elementor-element elementor-element-687f321d elementor-invisible elementor-widget elementor-widget-heading\" data-id=\"687f321d\" data-element_type=\"widget\" data-e-type=\"widget\" data-settings=\"{&quot;_animation&quot;:&quot;fadeInDown&quot;}\" data-widget_type=\"heading.default\">\n\t\t\t\t<div class=\"elementor-widget-container\">\n\t\t\t\t\t<h1 class=\"elementor-heading-title elementor-size-default\">Vuokraus<\/h1>\t\t\t\t<\/div>\n\t\t\t\t<\/div>\n\t\t\t\t\t<\/div>\n\t\t<\/div>\n\t\t\t\t\t<\/div>\n\t\t<\/section>\n\t\t\t\t<section class=\"elementor-section elementor-top-section elementor-element elementor-element-4bb7f051 elementor-section-boxed elementor-section-height-default elementor-section-height-default\" data-id=\"4bb7f051\" data-element_type=\"section\" data-e-type=\"section\">\n\t\t\t\t\t\t<div class=\"elementor-container elementor-column-gap-default\">\n\t\t\t\t\t<div class=\"elementor-column elementor-col-66 elementor-top-column elementor-element elementor-element-38b121f2 elementor-invisible\" data-id=\"38b121f2\" data-element_type=\"column\" data-e-type=\"column\" data-settings=\"{&quot;animation&quot;:&quot;fadeIn&quot;}\">\n\t\t\t<div class=\"elementor-widget-wrap elementor-element-populated\">\n\t\t\t\t\t\t<div class=\"elementor-element elementor-element-7e6dfdd4 elementor-widget elementor-widget-heading\" data-id=\"7e6dfdd4\" data-element_type=\"widget\" data-e-type=\"widget\" data-widget_type=\"heading.default\">\n\t\t\t\t<div class=\"elementor-widget-container\">\n\t\t\t\t\t<h3 class=\"elementor-heading-title elementor-size-default\">Vuokraamme seuraavia<\/h3>\t\t\t\t<\/div>\n\t\t\t\t<\/div>\n\t\t<div class=\"elementor-element elementor-element-5e4297b e-grid e-con-boxed e-con e-parent\" data-id=\"5e4297b\" data-element_type=\"container\" data-e-type=\"container\">\n\t\t\t\t\t<div class=\"e-con-inner\">\n\t\t\t\t<div class=\"elementor-element elementor-element-527901a elementor-position-left elementor-vertical-align-top elementor-widget elementor-widget-image-box\" data-id=\"527901a\" data-element_type=\"widget\" data-e-type=\"widget\" data-widget_type=\"image-box.default\">\n\t\t\t\t<div class=\"elementor-widget-container\">\n\t\t\t\t\t<div class=\"elementor-image-box-wrapper\"><figure class=\"elementor-image-box-img\"><img fetchpriority=\"high\" decoding=\"async\" width=\"1920\" height=\"1442\" src=\"https:\/\/www.engmanservices.fi\/wp-content\/uploads\/2024\/07\/Transportern-scaled-e1720118724519.jpg\" class=\"attachment-full size-full wp-image-1277\" alt=\"\" srcset=\"https:\/\/www.engmanservices.fi\/wp-content\/uploads\/2024\/07\/Transportern-scaled-e1720118724519.jpg 1920w, https:\/\/www.engmanservices.fi\/wp-content\/uploads\/2024\/07\/Transportern-scaled-e1720118724519-300x225.jpg 300w, https:\/\/www.engmanservices.fi\/wp-content\/uploads\/2024\/07\/Transportern-scaled-e1720118724519-1024x769.jpg 1024w, https:\/\/www.engmanservices.fi\/wp-content\/uploads\/2024\/07\/Transportern-scaled-e1720118724519-768x577.jpg 768w, https:\/\/www.engmanservices.fi\/wp-content\/uploads\/2024\/07\/Transportern-scaled-e1720118724519-1536x1154.jpg 1536w\" sizes=\"(max-width: 1920px) 100vw, 1920px\" \/><\/figure><div class=\"elementor-image-box-content\"><h4 class=\"elementor-image-box-title\">VW Transporter T6 (2016)<\/h4><p class=\"elementor-image-box-description\">1+8-paikkainen (B)<br>Etuveto, automaattivaihteisto<\/p><\/div><\/div>\t\t\t\t<\/div>\n\t\t\t\t<\/div>\n\t\t\t\t<div class=\"elementor-element elementor-element-3927a6e elementor-position-left elementor-vertical-align-top elementor-widget elementor-widget-image-box\" data-id=\"3927a6e\" data-element_type=\"widget\" data-e-type=\"widget\" data-widget_type=\"image-box.default\">\n\t\t\t\t<div class=\"elementor-widget-container\">\n\t\t\t\t\t<div class=\"elementor-image-box-wrapper\"><figure class=\"elementor-image-box-img\"><img decoding=\"async\" width=\"1979\" height=\"2560\" src=\"https:\/\/www.engmanservices.fi\/wp-content\/uploads\/2025\/01\/Audin-scaled-e1737373536802.jpg\" class=\"attachment-full size-full wp-image-1986\" alt=\"\" \/><\/figure><div class=\"elementor-image-box-content\"><h4 class=\"elementor-image-box-title\">Audi Q5 (2011)<\/h4><p class=\"elementor-image-box-description\">Henkil\u00f6auto (B)<br>Quattro AWD<\/p><\/div><\/div>\t\t\t\t<\/div>\n\t\t\t\t<\/div>\n\t\t\t\t<div class=\"elementor-element elementor-element-8081305 elementor-position-left elementor-vertical-align-top elementor-widget elementor-widget-image-box\" data-id=\"8081305\" data-element_type=\"widget\" data-e-type=\"widget\" data-widget_type=\"image-box.default\">\n\t\t\t\t<div class=\"elementor-widget-container\">\n\t\t\t\t\t<div class=\"elementor-image-box-wrapper\"><figure class=\"elementor-image-box-img\"><img decoding=\"async\" width=\"1000\" height=\"1000\" src=\"https:\/\/www.engmanservices.fi\/wp-content\/uploads\/2025\/01\/bild-saknas-e1737374192378.png\" class=\"attachment-full size-full wp-image-2003\" alt=\"\" \/><\/figure><div class=\"elementor-image-box-content\"><h4 class=\"elementor-image-box-title\">Muuli traileri<\/h4><p class=\"elementor-image-box-description\">Kevyiden tavaroiden kuljetusvaunu h\u00e4kill\u00e4<\/p><\/div><\/div>\t\t\t\t<\/div>\n\t\t\t\t<\/div>\n\t\t\t\t\t<\/div>\n\t\t\t\t<\/div>\n\t\t\t\t\t<\/div>\n\t\t<\/div>\n\t\t\t\t<div class=\"elementor-column elementor-col-33 elementor-top-column elementor-element elementor-element-5434a8d1 elementor-invisible\" data-id=\"5434a8d1\" data-element_type=\"column\" data-e-type=\"column\" data-settings=\"{&quot;animation&quot;:&quot;fadeInRight&quot;}\">\n\t\t\t<div class=\"elementor-widget-wrap elementor-element-populated\">\n\t\t\t\t\t\t<div class=\"elementor-element elementor-element-23b2e0ba elementor-cta--skin-cover elementor-cta--valign-bottom elementor-cta--sequenced-animation elementor-animated-content elementor-bg-transform elementor-bg-transform-zoom-in elementor-widget elementor-widget-call-to-action\" data-id=\"23b2e0ba\" data-element_type=\"widget\" data-e-type=\"widget\" data-widget_type=\"call-to-action.default\">\n\t\t\t\t<div class=\"elementor-widget-container\">\n\t\t\t\t\t\t\t<a class=\"elementor-cta\" href=\"https:\/\/www.engmanservices.fi\/fi\/ota-yhteytta\/\">\n\t\t\t\t\t<div class=\"elementor-cta__bg-wrapper\">\n\t\t\t\t<div class=\"elementor-cta__bg elementor-bg\" style=\"background-image: url(https:\/\/www.engmanservices.fi\/wp-content\/uploads\/2024\/07\/IMG-20230530-WA0015-768x1024.jpg);\" role=\"img\" aria-label=\"IMG-20230530-WA0015\"><\/div>\n\t\t\t\t<div class=\"elementor-cta__bg-overlay\"><\/div>\n\t\t\t<\/div>\n\t\t\t\t\t\t\t<div class=\"elementor-cta__content\">\n\t\t\t\t\n\t\t\t\t\t\t\t\t\t<h3 class=\"elementor-cta__title elementor-cta__content-item elementor-content-item elementor-animated-item--grow\">\n\t\t\t\t\t\tOnko teill\u00e4 kysytt\u00e4v\u00e4\u00e4?\t\t\t\t\t<\/h3>\n\t\t\t\t\n\t\t\t\t\t\t\t\t\t<div class=\"elementor-cta__description elementor-cta__content-item elementor-content-item elementor-animated-item--grow\">\n\t\t\t\t\t\t<p>Ota meihin yhteytt\u00e4 painamalla painiketta ja t\u00e4ytt\u00e4m\u00e4ll\u00e4 lomake.<\/p>\n\t\t\t\t\t<\/div>\n\t\t\t\t\n\t\t\t\t\t\t\t\t\t<div class=\"elementor-cta__button-wrapper elementor-cta__content-item elementor-content-item elementor-animated-item--grow\">\n\t\t\t\t\t<span class=\"elementor-cta__button elementor-button elementor-size-md\">\n\t\t\t\t\t\tOta yhteytt\u00e4\t\t\t\t\t<\/span>\n\t\t\t\t\t<\/div>\n\t\t\t\t\t\t\t<\/div>\n\t\t\t\t\t\t<\/a>\n\t\t\t\t\t\t<\/div>\n\t\t\t\t<\/div>\n\t\t\t\t\t<\/div>\n\t\t<\/div>\n\t\t\t\t\t<\/div>\n\t\t<\/section>\n\t\t<div class=\"elementor-element elementor-element-02a1886 e-con-full e-flex e-con e-parent\" data-id=\"02a1886\" data-element_type=\"container\" data-e-type=\"container\" data-settings=\"{&quot;background_background&quot;:&quot;classic&quot;}\">\n\t\t\t\t<div class=\"elementor-element elementor-element-45b251d elementor-widget__width-inherit elementor-widget elementor-widget-toggle\" data-id=\"45b251d\" data-element_type=\"widget\" data-e-type=\"widget\" data-widget_type=\"toggle.default\">\n\t\t\t\t<div class=\"elementor-widget-container\">\n\t\t\t\t\t\t\t<div class=\"elementor-toggle\">\n\t\t\t\t\t\t\t<div class=\"elementor-toggle-item\">\n\t\t\t\t\t<h3 id=\"elementor-tab-title-7301\" class=\"elementor-tab-title\" data-tab=\"1\" role=\"button\" aria-controls=\"elementor-tab-content-7301\" aria-expanded=\"false\">\n\t\t\t\t\t\t\t\t\t\t\t\t<span class=\"elementor-toggle-icon elementor-toggle-icon-right\" aria-hidden=\"true\">\n\t\t\t\t\t\t\t\t\t\t\t\t\t\t\t<span class=\"elementor-toggle-icon-closed\"><svg class=\"e-font-icon-svg e-fas-plus\" viewBox=\"0 0 448 512\" xmlns=\"http:\/\/www.w3.org\/2000\/svg\"><path d=\"M416 208H272V64c0-17.67-14.33-32-32-32h-32c-17.67 0-32 14.33-32 32v144H32c-17.67 0-32 14.33-32 32v32c0 17.67 14.33 32 32 32h144v144c0 17.67 14.33 32 32 32h32c17.67 0 32-14.33 32-32V304h144c17.67 0 32-14.33 32-32v-32c0-17.67-14.33-32-32-32z\"><\/path><\/svg><\/span>\n\t\t\t\t\t\t\t\t<span class=\"elementor-toggle-icon-opened\"><svg class=\"elementor-toggle-icon-opened e-font-icon-svg e-fas-minus\" viewBox=\"0 0 448 512\" xmlns=\"http:\/\/www.w3.org\/2000\/svg\"><path d=\"M416 208H32c-17.67 0-32 14.33-32 32v32c0 17.67 14.33 32 32 32h384c17.67 0 32-14.33 32-32v-32c0-17.67-14.33-32-32-32z\"><\/path><\/svg><\/span>\n\t\t\t\t\t\t\t\t\t\t\t\t\t<\/span>\n\t\t\t\t\t\t\t\t\t\t\t\t<a class=\"elementor-toggle-title\" tabindex=\"0\">Voinko noutaa vuokra-auton minulle sopivasta paikasta?<\/a>\n\t\t\t\t\t<\/h3>\n\n\t\t\t\t\t<div id=\"elementor-tab-content-7301\" class=\"elementor-tab-content elementor-clearfix\" data-tab=\"1\" role=\"region\" aria-labelledby=\"elementor-tab-title-7301\"><p>Kyll\u00e4, tarjoamme suurta joustavuutta vuokra-autojemme noutamisessa ja j\u00e4tt\u00e4misess\u00e4. Olitpa sitten Vaasassa tai muualla, voimme yleens\u00e4 j\u00e4rjest\u00e4\u00e4 sinulle sopivan ratkaisun. Ota yhteytt\u00e4, niin autamme sinua l\u00f6yt\u00e4m\u00e4\u00e4n sujuvan ratkaisun!  <\/p>\n<\/div>\n\t\t\t\t<\/div>\n\t\t\t\t\t\t\t<div class=\"elementor-toggle-item\">\n\t\t\t\t\t<h3 id=\"elementor-tab-title-7302\" class=\"elementor-tab-title\" data-tab=\"2\" role=\"button\" aria-controls=\"elementor-tab-content-7302\" aria-expanded=\"false\">\n\t\t\t\t\t\t\t\t\t\t\t\t<span class=\"elementor-toggle-icon elementor-toggle-icon-right\" aria-hidden=\"true\">\n\t\t\t\t\t\t\t\t\t\t\t\t\t\t\t<span class=\"elementor-toggle-icon-closed\"><svg class=\"e-font-icon-svg e-fas-plus\" viewBox=\"0 0 448 512\" xmlns=\"http:\/\/www.w3.org\/2000\/svg\"><path d=\"M416 208H272V64c0-17.67-14.33-32-32-32h-32c-17.67 0-32 14.33-32 32v144H32c-17.67 0-32 14.33-32 32v32c0 17.67 14.33 32 32 32h144v144c0 17.67 14.33 32 32 32h32c17.67 0 32-14.33 32-32V304h144c17.67 0 32-14.33 32-32v-32c0-17.67-14.33-32-32-32z\"><\/path><\/svg><\/span>\n\t\t\t\t\t\t\t\t<span class=\"elementor-toggle-icon-opened\"><svg class=\"elementor-toggle-icon-opened e-font-icon-svg e-fas-minus\" viewBox=\"0 0 448 512\" xmlns=\"http:\/\/www.w3.org\/2000\/svg\"><path d=\"M416 208H32c-17.67 0-32 14.33-32 32v32c0 17.67 14.33 32 32 32h384c17.67 0 32-14.33 32-32v-32c0-17.67-14.33-32-32-32z\"><\/path><\/svg><\/span>\n\t\t\t\t\t\t\t\t\t\t\t\t\t<\/span>\n\t\t\t\t\t\t\t\t\t\t\t\t<a class=\"elementor-toggle-title\" tabindex=\"0\">Miksi Engman Services on hyv\u00e4 valinta autonvuokraukseen?<\/a>\n\t\t\t\t\t<\/h3>\n\n\t\t\t\t\t<div id=\"elementor-tab-content-7302\" class=\"elementor-tab-content elementor-clearfix\" data-tab=\"2\" role=\"region\" aria-labelledby=\"elementor-tab-title-7302\"><p>Tarjoamme kilpailukykyisi\u00e4 hintoja ja tarpeisiisi r\u00e4\u00e4t\u00e4l\u00f6ity\u00e4 henkil\u00f6kohtaista palvelua. Ajoneuvomme ovat luotettavia ja ihanteellisia sek\u00e4 ty\u00f6matkoille ett\u00e4 perhelomille, kuten matkoille Lappiin. Lis\u00e4ksi voit n\u00e4hd\u00e4 tyytyv\u00e4isten asiakkaiden palautetta Instagramissa <a href=\"https:\/\/www.instagram.com\/engmanservices\/\">@engmanservices<\/a>.  <\/p>\n<\/div>\n\t\t\t\t<\/div>\n\t\t\t\t\t\t\t<div class=\"elementor-toggle-item\">\n\t\t\t\t\t<h3 id=\"elementor-tab-title-7303\" class=\"elementor-tab-title\" data-tab=\"3\" role=\"button\" aria-controls=\"elementor-tab-content-7303\" aria-expanded=\"false\">\n\t\t\t\t\t\t\t\t\t\t\t\t<span class=\"elementor-toggle-icon elementor-toggle-icon-right\" aria-hidden=\"true\">\n\t\t\t\t\t\t\t\t\t\t\t\t\t\t\t<span class=\"elementor-toggle-icon-closed\"><svg class=\"e-font-icon-svg e-fas-plus\" viewBox=\"0 0 448 512\" xmlns=\"http:\/\/www.w3.org\/2000\/svg\"><path d=\"M416 208H272V64c0-17.67-14.33-32-32-32h-32c-17.67 0-32 14.33-32 32v144H32c-17.67 0-32 14.33-32 32v32c0 17.67 14.33 32 32 32h144v144c0 17.67 14.33 32 32 32h32c17.67 0 32-14.33 32-32V304h144c17.67 0 32-14.33 32-32v-32c0-17.67-14.33-32-32-32z\"><\/path><\/svg><\/span>\n\t\t\t\t\t\t\t\t<span class=\"elementor-toggle-icon-opened\"><svg class=\"elementor-toggle-icon-opened e-font-icon-svg e-fas-minus\" viewBox=\"0 0 448 512\" xmlns=\"http:\/\/www.w3.org\/2000\/svg\"><path d=\"M416 208H32c-17.67 0-32 14.33-32 32v32c0 17.67 14.33 32 32 32h384c17.67 0 32-14.33 32-32v-32c0-17.67-14.33-32-32-32z\"><\/path><\/svg><\/span>\n\t\t\t\t\t\t\t\t\t\t\t\t\t<\/span>\n\t\t\t\t\t\t\t\t\t\t\t\t<a class=\"elementor-toggle-title\" tabindex=\"0\">Voivatko kansainv\u00e4liset matkustajat vuokrata teilt\u00e4 ajoneuvoja?<\/a>\n\t\t\t\t\t<\/h3>\n\n\t\t\t\t\t<div id=\"elementor-tab-content-7303\" class=\"elementor-tab-content elementor-clearfix\" data-tab=\"3\" role=\"region\" aria-labelledby=\"elementor-tab-title-7303\"><p>Ehdottomasti! Vuokra-automme ovat erinomainen valinta kansainv\u00e4lisille matkustajille, jotka tarvitsevat luotettavan kuljetusratkaisun Suomessa ollessaan. Teemme vuokraamisesta sinulle helppoa ja mukautamme sen toiveidesi mukaan, jotta kokemuksesi olisi mahdollisimman sujuva.  <\/p>\n<\/div>\n\t\t\t\t<\/div>\n\t\t\t\t\t\t\t\t\t\t<script type=\"application\/ld+json\">{\"@context\":\"https:\\\/\\\/schema.org\",\"@type\":\"FAQPage\",\"mainEntity\":[{\"@type\":\"Question\",\"name\":\"Voinko noutaa vuokra-auton minulle sopivasta paikasta?\",\"acceptedAnswer\":{\"@type\":\"Answer\",\"text\":\"<p>Kyll\\u00e4, tarjoamme suurta joustavuutta vuokra-autojemme noutamisessa ja j\\u00e4tt\\u00e4misess\\u00e4. Olitpa sitten Vaasassa tai muualla, voimme yleens\\u00e4 j\\u00e4rjest\\u00e4\\u00e4 sinulle sopivan ratkaisun. Ota yhteytt\\u00e4, niin autamme sinua l\\u00f6yt\\u00e4m\\u00e4\\u00e4n sujuvan ratkaisun!  <\\\/p>\\n\"}},{\"@type\":\"Question\",\"name\":\"Miksi Engman Services on hyv\\u00e4 valinta autonvuokraukseen?\",\"acceptedAnswer\":{\"@type\":\"Answer\",\"text\":\"<p>Tarjoamme kilpailukykyisi\\u00e4 hintoja ja tarpeisiisi r\\u00e4\\u00e4t\\u00e4l\\u00f6ity\\u00e4 henkil\\u00f6kohtaista palvelua. Ajoneuvomme ovat luotettavia ja ihanteellisia sek\\u00e4 ty\\u00f6matkoille ett\\u00e4 perhelomille, kuten matkoille Lappiin. Lis\\u00e4ksi voit n\\u00e4hd\\u00e4 tyytyv\\u00e4isten asiakkaiden palautetta Instagramissa <a href=\\\"https:\\\/\\\/www.instagram.com\\\/engmanservices\\\/\\\">@engmanservices<\\\/a>.  <\\\/p>\\n\"}},{\"@type\":\"Question\",\"name\":\"Voivatko kansainv\\u00e4liset matkustajat vuokrata teilt\\u00e4 ajoneuvoja?\",\"acceptedAnswer\":{\"@type\":\"Answer\",\"text\":\"<p>Ehdottomasti! Vuokra-automme ovat erinomainen valinta kansainv\\u00e4lisille matkustajille, jotka tarvitsevat luotettavan kuljetusratkaisun Suomessa ollessaan. Teemme vuokraamisesta sinulle helppoa ja mukautamme sen toiveidesi mukaan, jotta kokemuksesi olisi mahdollisimman sujuva.  <\\\/p>\\n\"}}]}<\/script>\n\t\t\t\t\t<\/div>\n\t\t\t\t\t\t<\/div>\n\t\t\t\t<\/div>\n\t\t\t\t<\/div>\n\t\t<div class=\"elementor-element elementor-element-fc2fa73 e-flex e-con-boxed e-con e-parent\" data-id=\"fc2fa73\" data-element_type=\"container\" data-e-type=\"container\">\n\t\t\t\t\t<div class=\"e-con-inner\">\n\t\t\t\t<div class=\"elementor-element elementor-element-4168c17 elementor-widget elementor-widget-heading\" data-id=\"4168c17\" data-element_type=\"widget\" data-e-type=\"widget\" data-widget_type=\"heading.default\">\n\t\t\t\t<div class=\"elementor-widget-container\">\n\t\t\t\t\t<h3 class=\"elementor-heading-title elementor-size-default\">vuokraus<\/h3>\t\t\t\t<\/div>\n\t\t\t\t<\/div>\n\t\t\t\t<div class=\"elementor-element elementor-element-e1619cb elementor-widget elementor-widget-gallery\" data-id=\"e1619cb\" data-element_type=\"widget\" data-e-type=\"widget\" data-settings=\"{&quot;gallery_layout&quot;:&quot;masonry&quot;,&quot;lazyload&quot;:&quot;yes&quot;,&quot;columns&quot;:4,&quot;columns_tablet&quot;:2,&quot;columns_mobile&quot;:1,&quot;gap&quot;:{&quot;unit&quot;:&quot;px&quot;,&quot;size&quot;:10,&quot;sizes&quot;:[]},&quot;gap_tablet&quot;:{&quot;unit&quot;:&quot;px&quot;,&quot;size&quot;:10,&quot;sizes&quot;:[]},&quot;gap_mobile&quot;:{&quot;unit&quot;:&quot;px&quot;,&quot;size&quot;:10,&quot;sizes&quot;:[]},&quot;overlay_background&quot;:&quot;yes&quot;,&quot;content_hover_animation&quot;:&quot;fade-in&quot;}\" data-widget_type=\"gallery.default\">\n\t\t\t\t<div class=\"elementor-widget-container\">\n\t\t\t\t\t\t\t<div class=\"elementor-gallery__container\">\n\t\t\t\t\t\t\t<div class=\"e-gallery-item elementor-gallery-item elementor-animated-content\">\n\t\t\t\t\t<div class=\"e-gallery-image elementor-gallery-item__image\" data-thumbnail=\"https:\/\/www.engmanservices.fi\/wp-content\/uploads\/2024\/07\/Transportern-scaled-e1720118724519-1024x769.jpg\" data-width=\"800\" data-height=\"601\" aria-label=\"\" role=\"img\" ><\/div>\n\t\t\t\t\t\t\t\t\t\t\t<div class=\"elementor-gallery-item__overlay\"><\/div>\n\t\t\t\t\t\t\t\t\t\t\t\t\t\t<\/div>\n\t\t\t\t\t\t\t<div class=\"e-gallery-item elementor-gallery-item elementor-animated-content\">\n\t\t\t\t\t<div class=\"e-gallery-image elementor-gallery-item__image\" data-thumbnail=\"https:\/\/www.engmanservices.fi\/wp-content\/uploads\/2025\/01\/Audin-791x1024.jpg\" data-width=\"791\" data-height=\"1024\" aria-label=\"\" role=\"img\" ><\/div>\n\t\t\t\t\t\t\t\t\t\t\t<div class=\"elementor-gallery-item__overlay\"><\/div>\n\t\t\t\t\t\t\t\t\t\t\t\t\t\t<\/div>\n\t\t\t\t\t<\/div>\n\t\t\t\t\t<\/div>\n\t\t\t\t<\/div>\n\t\t\t\t\t<\/div>\n\t\t\t\t<\/div>\n\t\t\t\t<\/div>\n\t\t","protected":false},"excerpt":{"rendered":"<p>Vuokraamme seuraavia VW Transporter T6 (2016) 1+8-paikkainen (B)Etuveto, automaattivaihteisto Audi Q5 (2011) Henkil\u00f6auto (B)Quattro AWD Muuli traileri Kevyiden tavaroiden kuljetusvaunu h\u00e4kill\u00e4 Onko teill\u00e4 kysytt\u00e4v\u00e4\u00e4? Ota meihin yhteytt\u00e4 painamalla painiketta ja t\u00e4ytt\u00e4m\u00e4ll\u00e4 lomake. Ota yhteytt\u00e4 Voinko noutaa vuokra-auton minulle sopivasta paikasta? Kyll\u00e4, tarjoamme suurta joustavuutta vuokra-autojemme noutamisessa ja j\u00e4tt\u00e4misess\u00e4. Olitpa sitten Vaasassa tai muualla, voimme yleens\u00e4 [&hellip;]<\/p>\n","protected":false},"author":1,"featured_media":0,"parent":0,"menu_order":0,"comment_status":"closed","ping_status":"closed","template":"elementor_header_footer","meta":{"footnotes":""},"class_list":["post-2434","page","type-page","status-publish","hentry"],"_links":{"self":[{"href":"https:\/\/www.engmanservices.fi\/fi\/wp-json\/wp\/v2\/pages\/2434","targetHints":{"allow":["GET"]}}],"collection":[{"href":"https:\/\/www.engmanservices.fi\/fi\/wp-json\/wp\/v2\/pages"}],"about":[{"href":"https:\/\/www.engmanservices.fi\/fi\/wp-json\/wp\/v2\/types\/page"}],"author":[{"embeddable":true,"href":"https:\/\/www.engmanservices.fi\/fi\/wp-json\/wp\/v2\/users\/1"}],"replies":[{"embeddable":true,"href":"https:\/\/www.engmanservices.fi\/fi\/wp-json\/wp\/v2\/comments?post=2434"}],"version-history":[{"count":4,"href":"https:\/\/www.engmanservices.fi\/fi\/wp-json\/wp\/v2\/pages\/2434\/revisions"}],"predecessor-version":[{"id":2599,"href":"https:\/\/www.engmanservices.fi\/fi\/wp-json\/wp\/v2\/pages\/2434\/revisions\/2599"}],"wp:attachment":[{"href":"https:\/\/www.engmanservices.fi\/fi\/wp-json\/wp\/v2\/media?parent=2434"}],"curies":[{"name":"wp","href":"https:\/\/api.w.org\/{rel}","templated":true}]}}