{"id":2448,"date":"2024-07-03T15:29:24","date_gmt":"2024-07-03T12:29:24","guid":{"rendered":"https:\/\/niijdawv.elementor.cloud\/tarjotut-palvelut\/"},"modified":"2025-01-28T17:19:11","modified_gmt":"2025-01-28T14:19:11","slug":"tarjotut-palvelut","status":"publish","type":"page","link":"https:\/\/www.engmanservices.fi\/fi\/tarjotut-palvelut\/","title":{"rendered":"Palvelut"},"content":{"rendered":"\t\t<div data-elementor-type=\"wp-page\" data-elementor-id=\"2448\" class=\"elementor elementor-2448 elementor-43\" data-elementor-post-type=\"page\">\n\t\t\t\t\t\t<section class=\"elementor-section elementor-top-section elementor-element elementor-element-271c8ed5 elementor-section-boxed elementor-section-height-default elementor-section-height-default\" data-id=\"271c8ed5\" data-element_type=\"section\" data-e-type=\"section\" data-settings=\"{&quot;background_background&quot;:&quot;classic&quot;}\">\n\t\t\t\t\t\t\t<div class=\"elementor-background-overlay\"><\/div>\n\t\t\t\t\t\t\t<div class=\"elementor-container elementor-column-gap-default\">\n\t\t\t\t\t<div class=\"elementor-column elementor-col-100 elementor-top-column elementor-element elementor-element-1e5d4571\" data-id=\"1e5d4571\" data-element_type=\"column\" data-e-type=\"column\">\n\t\t\t<div class=\"elementor-widget-wrap elementor-element-populated\">\n\t\t\t\t\t\t<div class=\"elementor-element elementor-element-3ee1abf8 elementor-widget elementor-widget-heading\" data-id=\"3ee1abf8\" data-element_type=\"widget\" data-e-type=\"widget\" data-widget_type=\"heading.default\">\n\t\t\t\t<div class=\"elementor-widget-container\">\n\t\t\t\t\t<h1 class=\"elementor-heading-title elementor-size-default\">Palvelut<\/h1>\t\t\t\t<\/div>\n\t\t\t\t<\/div>\n\t\t\t\t<div class=\"elementor-element elementor-element-6fa9d88a elementor-widget elementor-widget-heading\" data-id=\"6fa9d88a\" data-element_type=\"widget\" data-e-type=\"widget\" data-widget_type=\"heading.default\">\n\t\t\t\t<div class=\"elementor-widget-container\">\n\t\t\t\t\t<h4 class=\"elementor-heading-title elementor-size-default\">Lue lis\u00e4\u00e4 tarjoamistamme palveluista<\/h4>\t\t\t\t<\/div>\n\t\t\t\t<\/div>\n\t\t\t\t\t<\/div>\n\t\t<\/div>\n\t\t\t\t\t<\/div>\n\t\t<\/section>\n\t\t\t\t<section class=\"elementor-section elementor-top-section elementor-element elementor-element-0e8b36d elementor-section-boxed elementor-section-height-default elementor-section-height-default\" data-id=\"0e8b36d\" data-element_type=\"section\" data-e-type=\"section\">\n\t\t\t\t\t\t<div class=\"elementor-container elementor-column-gap-default\">\n\t\t\t\t\t<div class=\"elementor-column elementor-col-100 elementor-top-column elementor-element elementor-element-0963e8c\" data-id=\"0963e8c\" data-element_type=\"column\" data-e-type=\"column\">\n\t\t\t<div class=\"elementor-widget-wrap elementor-element-populated\">\n\t\t\t\t<div class=\"elementor-element elementor-element-a016bb0 e-grid e-con-boxed e-con e-parent\" data-id=\"a016bb0\" data-element_type=\"container\" data-e-type=\"container\">\n\t\t\t\t\t<div class=\"e-con-inner\">\n\t\t\t\t<div class=\"elementor-element elementor-element-7cc5aad elementor-position-top elementor-widget elementor-widget-image-box\" data-id=\"7cc5aad\" data-element_type=\"widget\" data-e-type=\"widget\" data-widget_type=\"image-box.default\">\n\t\t\t\t<div class=\"elementor-widget-container\">\n\t\t\t\t\t<div class=\"elementor-image-box-wrapper\"><figure class=\"elementor-image-box-img\"><a href=\"https:\/\/www.engmanservices.fi\/fi\/rakennustyot\/\" tabindex=\"-1\"><img fetchpriority=\"high\" decoding=\"async\" width=\"2274\" height=\"1706\" src=\"https:\/\/www.engmanservices.fi\/wp-content\/uploads\/2024\/07\/Parhuset-Fotograf-Conny-Sundstrom-scaled-e1720118461481.jpg\" class=\"attachment-full size-full wp-image-1273\" alt=\"\" srcset=\"https:\/\/www.engmanservices.fi\/wp-content\/uploads\/2024\/07\/Parhuset-Fotograf-Conny-Sundstrom-scaled-e1720118461481.jpg 2274w, https:\/\/www.engmanservices.fi\/wp-content\/uploads\/2024\/07\/Parhuset-Fotograf-Conny-Sundstrom-scaled-e1720118461481-300x225.jpg 300w, https:\/\/www.engmanservices.fi\/wp-content\/uploads\/2024\/07\/Parhuset-Fotograf-Conny-Sundstrom-scaled-e1720118461481-1024x768.jpg 1024w, https:\/\/www.engmanservices.fi\/wp-content\/uploads\/2024\/07\/Parhuset-Fotograf-Conny-Sundstrom-scaled-e1720118461481-768x576.jpg 768w, https:\/\/www.engmanservices.fi\/wp-content\/uploads\/2024\/07\/Parhuset-Fotograf-Conny-Sundstrom-scaled-e1720118461481-1536x1152.jpg 1536w, https:\/\/www.engmanservices.fi\/wp-content\/uploads\/2024\/07\/Parhuset-Fotograf-Conny-Sundstrom-scaled-e1720118461481-2048x1536.jpg 2048w\" sizes=\"(max-width: 2274px) 100vw, 2274px\" \/><\/a><\/figure><div class=\"elementor-image-box-content\"><h4 class=\"elementor-image-box-title\"><a href=\"https:\/\/www.engmanservices.fi\/fi\/rakennustyot\/\">Rakennusty\u00f6t<\/a><\/h4><p class=\"elementor-image-box-description\">Kaikki raadoista lopulliseen maalaukseen ja sisustussuunnitteluun.<\/p><\/div><\/div>\t\t\t\t<\/div>\n\t\t\t\t<\/div>\n\t\t\t\t<div class=\"elementor-element elementor-element-c9fc34d elementor-position-top elementor-widget elementor-widget-image-box\" data-id=\"c9fc34d\" data-element_type=\"widget\" data-e-type=\"widget\" data-widget_type=\"image-box.default\">\n\t\t\t\t<div class=\"elementor-widget-container\">\n\t\t\t\t\t<div class=\"elementor-image-box-wrapper\"><figure class=\"elementor-image-box-img\"><a href=\"https:\/\/www.engmanservices.fi\/fi\/sahkoasennukset\/\" tabindex=\"-1\"><img decoding=\"async\" width=\"1080\" height=\"809\" src=\"https:\/\/www.engmanservices.fi\/wp-content\/uploads\/2024\/07\/elinstallation-e1720118613775.jpg\" class=\"attachment-full size-full wp-image-1275\" alt=\"\" srcset=\"https:\/\/www.engmanservices.fi\/wp-content\/uploads\/2024\/07\/elinstallation-e1720118613775.jpg 1080w, https:\/\/www.engmanservices.fi\/wp-content\/uploads\/2024\/07\/elinstallation-e1720118613775-300x225.jpg 300w, https:\/\/www.engmanservices.fi\/wp-content\/uploads\/2024\/07\/elinstallation-e1720118613775-1024x767.jpg 1024w, https:\/\/www.engmanservices.fi\/wp-content\/uploads\/2024\/07\/elinstallation-e1720118613775-768x575.jpg 768w\" sizes=\"(max-width: 1080px) 100vw, 1080px\" \/><\/a><\/figure><div class=\"elementor-image-box-content\"><h4 class=\"elementor-image-box-title\"><a href=\"https:\/\/www.engmanservices.fi\/fi\/sahkoasennukset\/\">S\u00e4hk\u00f6asennukset<\/a><\/h4><p class=\"elementor-image-box-description\">Suoritamme erityyppisi\u00e4 s\u00e4hk\u00f6asennuksia ja suunnittelua.<\/p><\/div><\/div>\t\t\t\t<\/div>\n\t\t\t\t<\/div>\n\t\t\t\t<div class=\"elementor-element elementor-element-a5ee903 elementor-position-top elementor-widget elementor-widget-image-box\" data-id=\"a5ee903\" data-element_type=\"widget\" data-e-type=\"widget\" data-widget_type=\"image-box.default\">\n\t\t\t\t<div class=\"elementor-widget-container\">\n\t\t\t\t\t<div class=\"elementor-image-box-wrapper\"><figure class=\"elementor-image-box-img\"><a href=\"https:\/\/www.engmanservices.fi\/fi\/maanrakennustyot\/\" tabindex=\"-1\"><img decoding=\"async\" width=\"1080\" height=\"809\" src=\"https:\/\/www.engmanservices.fi\/wp-content\/uploads\/2024\/07\/439044336_464972442540212_1866262380491720027_n-e1720093584357.jpg\" class=\"attachment-full size-full wp-image-1269\" alt=\"\" srcset=\"https:\/\/www.engmanservices.fi\/wp-content\/uploads\/2024\/07\/439044336_464972442540212_1866262380491720027_n-e1720093584357.jpg 1080w, https:\/\/www.engmanservices.fi\/wp-content\/uploads\/2024\/07\/439044336_464972442540212_1866262380491720027_n-e1720093584357-300x225.jpg 300w, https:\/\/www.engmanservices.fi\/wp-content\/uploads\/2024\/07\/439044336_464972442540212_1866262380491720027_n-e1720093584357-1024x767.jpg 1024w, https:\/\/www.engmanservices.fi\/wp-content\/uploads\/2024\/07\/439044336_464972442540212_1866262380491720027_n-e1720093584357-768x575.jpg 768w\" sizes=\"(max-width: 1080px) 100vw, 1080px\" \/><\/a><\/figure><div class=\"elementor-image-box-content\"><h4 class=\"elementor-image-box-title\"><a href=\"https:\/\/www.engmanservices.fi\/fi\/maanrakennustyot\/\">Maanrakennusty\u00f6t<\/a><\/h4><p class=\"elementor-image-box-description\">Toteutamme kaikenlaisia maanrakennus- ja louhintahankkeita.<\/p><\/div><\/div>\t\t\t\t<\/div>\n\t\t\t\t<\/div>\n\t\t\t\t<div class=\"elementor-element elementor-element-a37c058 elementor-position-top elementor-widget elementor-widget-image-box\" data-id=\"a37c058\" data-element_type=\"widget\" data-e-type=\"widget\" data-widget_type=\"image-box.default\">\n\t\t\t\t<div class=\"elementor-widget-container\">\n\t\t\t\t\t<div class=\"elementor-image-box-wrapper\"><figure class=\"elementor-image-box-img\"><a href=\"https:\/\/www.engmanservices.fi\/fi\/projektinhallinta\/\" tabindex=\"-1\"><img loading=\"lazy\" decoding=\"async\" width=\"960\" height=\"720\" src=\"https:\/\/www.engmanservices.fi\/wp-content\/uploads\/2024\/07\/Image-e1720096688122.png\" class=\"attachment-full size-full wp-image-1271\" alt=\"\" srcset=\"https:\/\/www.engmanservices.fi\/wp-content\/uploads\/2024\/07\/Image-e1720096688122.png 960w, https:\/\/www.engmanservices.fi\/wp-content\/uploads\/2024\/07\/Image-e1720096688122-300x225.png 300w, https:\/\/www.engmanservices.fi\/wp-content\/uploads\/2024\/07\/Image-e1720096688122-768x576.png 768w\" sizes=\"(max-width: 960px) 100vw, 960px\" \/><\/a><\/figure><div class=\"elementor-image-box-content\"><h4 class=\"elementor-image-box-title\"><a href=\"https:\/\/www.engmanservices.fi\/fi\/projektinhallinta\/\">Projektinhallinta ja koordinointi<\/a><\/h4><p class=\"elementor-image-box-description\">Teemme arkkitehtisuunnittelua, LVI- ja s\u00e4hk\u00f6suunnittelua jne.<\/p><\/div><\/div>\t\t\t\t<\/div>\n\t\t\t\t<\/div>\n\t\t\t\t<div class=\"elementor-element elementor-element-0636220 elementor-position-top elementor-widget elementor-widget-image-box\" data-id=\"0636220\" data-element_type=\"widget\" data-e-type=\"widget\" data-widget_type=\"image-box.default\">\n\t\t\t\t<div class=\"elementor-widget-container\">\n\t\t\t\t\t<div class=\"elementor-image-box-wrapper\"><figure class=\"elementor-image-box-img\"><a href=\"https:\/\/www.engmanservices.fi\/fi\/kiinteistojen-hallinta\/\" tabindex=\"-1\"><img loading=\"lazy\" decoding=\"async\" width=\"1714\" height=\"1288\" src=\"https:\/\/www.engmanservices.fi\/wp-content\/uploads\/2024\/07\/plogning-scaled-e1720171325165.jpg\" class=\"attachment-full size-full wp-image-1289\" alt=\"\" srcset=\"https:\/\/www.engmanservices.fi\/wp-content\/uploads\/2024\/07\/plogning-scaled-e1720171325165.jpg 1714w, https:\/\/www.engmanservices.fi\/wp-content\/uploads\/2024\/07\/plogning-scaled-e1720171325165-300x225.jpg 300w, https:\/\/www.engmanservices.fi\/wp-content\/uploads\/2024\/07\/plogning-scaled-e1720171325165-1024x769.jpg 1024w, https:\/\/www.engmanservices.fi\/wp-content\/uploads\/2024\/07\/plogning-scaled-e1720171325165-768x577.jpg 768w, https:\/\/www.engmanservices.fi\/wp-content\/uploads\/2024\/07\/plogning-scaled-e1720171325165-1536x1154.jpg 1536w\" sizes=\"(max-width: 1714px) 100vw, 1714px\" \/><\/a><\/figure><div class=\"elementor-image-box-content\"><h4 class=\"elementor-image-box-title\"><a href=\"https:\/\/www.engmanservices.fi\/fi\/kiinteistojen-hallinta\/\">Kiinteist\u00f6jen hallinta<\/a><\/h4><p class=\"elementor-image-box-description\">Tarjoamme pitk\u00e4aikaista ja ammattimaista kiinteist\u00f6hallintoa sis\u00e4tilojen alueilla<\/p><\/div><\/div>\t\t\t\t<\/div>\n\t\t\t\t<\/div>\n\t\t\t\t<div class=\"elementor-element elementor-element-c4399c3 elementor-position-top elementor-widget elementor-widget-image-box\" data-id=\"c4399c3\" data-element_type=\"widget\" data-e-type=\"widget\" data-widget_type=\"image-box.default\">\n\t\t\t\t<div class=\"elementor-widget-container\">\n\t\t\t\t\t<div class=\"elementor-image-box-wrapper\"><figure class=\"elementor-image-box-img\"><a href=\"https:\/\/www.engmanservices.fi\/fi\/kirjanpitopalvelut\/\" tabindex=\"-1\"><img loading=\"lazy\" decoding=\"async\" width=\"2005\" height=\"1506\" src=\"https:\/\/www.engmanservices.fi\/wp-content\/uploads\/2024\/07\/pexels-pixabay-53621-scaled-e1720092552287.jpg\" class=\"attachment-full size-full wp-image-1265\" alt=\"\" srcset=\"https:\/\/www.engmanservices.fi\/wp-content\/uploads\/2024\/07\/pexels-pixabay-53621-scaled-e1720092552287.jpg 2005w, https:\/\/www.engmanservices.fi\/wp-content\/uploads\/2024\/07\/pexels-pixabay-53621-scaled-e1720092552287-300x225.jpg 300w, https:\/\/www.engmanservices.fi\/wp-content\/uploads\/2024\/07\/pexels-pixabay-53621-scaled-e1720092552287-1024x769.jpg 1024w, https:\/\/www.engmanservices.fi\/wp-content\/uploads\/2024\/07\/pexels-pixabay-53621-scaled-e1720092552287-768x577.jpg 768w, https:\/\/www.engmanservices.fi\/wp-content\/uploads\/2024\/07\/pexels-pixabay-53621-scaled-e1720092552287-1536x1154.jpg 1536w\" sizes=\"(max-width: 2005px) 100vw, 2005px\" \/><\/a><\/figure><div class=\"elementor-image-box-content\"><h4 class=\"elementor-image-box-title\"><a href=\"https:\/\/www.engmanservices.fi\/fi\/kirjanpitopalvelut\/\">Kirjanpitopalvelut<\/a><\/h4><p class=\"elementor-image-box-description\">Tarjoamme kaiken kirjanpidon, laskentatoimen ja veroneuvonnan alalla<\/p><\/div><\/div>\t\t\t\t<\/div>\n\t\t\t\t<\/div>\n\t\t\t\t<div class=\"elementor-element elementor-element-7a94816 elementor-position-top elementor-widget elementor-widget-image-box\" data-id=\"7a94816\" data-element_type=\"widget\" data-e-type=\"widget\" data-widget_type=\"image-box.default\">\n\t\t\t\t<div class=\"elementor-widget-container\">\n\t\t\t\t\t<div class=\"elementor-image-box-wrapper\"><figure class=\"elementor-image-box-img\"><a href=\"https:\/\/www.engmanservices.fi\/fi\/vuokraus\/\" tabindex=\"-1\"><img loading=\"lazy\" decoding=\"async\" width=\"1920\" height=\"1442\" src=\"https:\/\/www.engmanservices.fi\/wp-content\/uploads\/2024\/07\/Transportern-scaled-e1720118724519.jpg\" class=\"attachment-full size-full wp-image-1277\" alt=\"\" srcset=\"https:\/\/www.engmanservices.fi\/wp-content\/uploads\/2024\/07\/Transportern-scaled-e1720118724519.jpg 1920w, https:\/\/www.engmanservices.fi\/wp-content\/uploads\/2024\/07\/Transportern-scaled-e1720118724519-300x225.jpg 300w, https:\/\/www.engmanservices.fi\/wp-content\/uploads\/2024\/07\/Transportern-scaled-e1720118724519-1024x769.jpg 1024w, https:\/\/www.engmanservices.fi\/wp-content\/uploads\/2024\/07\/Transportern-scaled-e1720118724519-768x577.jpg 768w, https:\/\/www.engmanservices.fi\/wp-content\/uploads\/2024\/07\/Transportern-scaled-e1720118724519-1536x1154.jpg 1536w\" sizes=\"(max-width: 1920px) 100vw, 1920px\" \/><\/a><\/figure><div class=\"elementor-image-box-content\"><h4 class=\"elementor-image-box-title\"><a href=\"https:\/\/www.engmanservices.fi\/fi\/vuokraus\/\">Vuokraus<\/a><\/h4><p class=\"elementor-image-box-description\">Lue lis\u00e4\u00e4 vuokraustarjouksestamme<\/p><\/div><\/div>\t\t\t\t<\/div>\n\t\t\t\t<\/div>\n\t\t<div class=\"elementor-element elementor-element-47064be e-con-full e-flex e-con e-child\" data-id=\"47064be\" data-element_type=\"container\" data-e-type=\"container\">\n\t\t\t\t<div class=\"elementor-element elementor-element-3d18dc0 elementor-widget elementor-widget-image\" data-id=\"3d18dc0\" data-element_type=\"widget\" data-e-type=\"widget\" data-widget_type=\"image.default\">\n\t\t\t\t<div class=\"elementor-widget-container\">\n\t\t\t\t\t\t\t\t\t\t\t\t\t\t\t\t<a href=\"https:\/\/www.engmanservices.fi\/fi\/?page_id=2456\">\n\t\t\t\t\t\t\t<img loading=\"lazy\" decoding=\"async\" width=\"1212\" height=\"908\" src=\"https:\/\/www.engmanservices.fi\/wp-content\/uploads\/2024\/09\/bokforing-e1720090703889-1.jpg\" class=\"attachment-full size-full wp-image-1347\" alt=\"\" srcset=\"https:\/\/www.engmanservices.fi\/wp-content\/uploads\/2024\/09\/bokforing-e1720090703889-1.jpg 1212w, https:\/\/www.engmanservices.fi\/wp-content\/uploads\/2024\/09\/bokforing-e1720090703889-1-300x225.jpg 300w, https:\/\/www.engmanservices.fi\/wp-content\/uploads\/2024\/09\/bokforing-e1720090703889-1-1024x767.jpg 1024w, https:\/\/www.engmanservices.fi\/wp-content\/uploads\/2024\/09\/bokforing-e1720090703889-1-768x575.jpg 768w\" sizes=\"(max-width: 1212px) 100vw, 1212px\" \/>\t\t\t\t\t\t\t\t<\/a>\n\t\t\t\t\t\t\t\t\t\t\t\t\t\t\t<\/div>\n\t\t\t\t<\/div>\n\t\t\t\t<div class=\"elementor-element elementor-element-20a164b elementor-widget elementor-widget-heading\" data-id=\"20a164b\" data-element_type=\"widget\" data-e-type=\"widget\" data-widget_type=\"heading.default\">\n\t\t\t\t<div class=\"elementor-widget-container\">\n\t\t\t\t\t<h4 class=\"elementor-heading-title elementor-size-default\">Tee tiedustelu<\/h4>\t\t\t\t<\/div>\n\t\t\t\t<\/div>\n\t\t\t\t<div class=\"elementor-element elementor-element-7603c4d elementor-widget elementor-widget-button\" data-id=\"7603c4d\" data-element_type=\"widget\" data-e-type=\"widget\" data-widget_type=\"button.default\">\n\t\t\t\t<div class=\"elementor-widget-container\">\n\t\t\t\t\t\t\t\t\t<div class=\"elementor-button-wrapper\">\n\t\t\t\t\t<a class=\"elementor-button elementor-button-link elementor-size-sm\" href=\"https:\/\/www.engmanservices.fi\/fi\/pyyda-tarjous\/\">\n\t\t\t\t\t\t<span class=\"elementor-button-content-wrapper\">\n\t\t\t\t\t\t\t\t\t<span class=\"elementor-button-text\">Pyyd\u00e4 tarjous<\/span>\n\t\t\t\t\t<\/span>\n\t\t\t\t\t<\/a>\n\t\t\t\t<\/div>\n\t\t\t\t\t\t\t\t<\/div>\n\t\t\t\t<\/div>\n\t\t\t\t<\/div>\n\t\t\t\t\t<\/div>\n\t\t\t\t<\/div>\n\t\t\t\t\t<\/div>\n\t\t<\/div>\n\t\t\t\t\t<\/div>\n\t\t<\/section>\n\t\t<div class=\"elementor-element elementor-element-a3f4188 e-flex e-con-boxed e-con e-parent\" data-id=\"a3f4188\" data-element_type=\"container\" data-e-type=\"container\" data-settings=\"{&quot;shape_divider_bottom&quot;:&quot;mountains&quot;}\">\n\t\t\t\t\t<div class=\"e-con-inner\">\n\t\t\t\t<div class=\"elementor-shape elementor-shape-bottom\" aria-hidden=\"true\" data-negative=\"false\">\n\t\t\t<svg xmlns=\"http:\/\/www.w3.org\/2000\/svg\" viewBox=\"0 0 1000 100\" preserveAspectRatio=\"none\">\n\t<path class=\"elementor-shape-fill\" opacity=\"0.33\" d=\"M473,67.3c-203.9,88.3-263.1-34-320.3,0C66,119.1,0,59.7,0,59.7V0h1000v59.7 c0,0-62.1,26.1-94.9,29.3c-32.8,3.3-62.8-12.3-75.8-22.1C806,49.6,745.3,8.7,694.9,4.7S492.4,59,473,67.3z\"\/>\n\t<path class=\"elementor-shape-fill\" opacity=\"0.66\" d=\"M734,67.3c-45.5,0-77.2-23.2-129.1-39.1c-28.6-8.7-150.3-10.1-254,39.1 s-91.7-34.4-149.2,0C115.7,118.3,0,39.8,0,39.8V0h1000v36.5c0,0-28.2-18.5-92.1-18.5C810.2,18.1,775.7,67.3,734,67.3z\"\/>\n\t<path class=\"elementor-shape-fill\" d=\"M766.1,28.9c-200-57.5-266,65.5-395.1,19.5C242,1.8,242,5.4,184.8,20.6C128,35.8,132.3,44.9,89.9,52.5C28.6,63.7,0,0,0,0 h1000c0,0-9.9,40.9-83.6,48.1S829.6,47,766.1,28.9z\"\/>\n<\/svg>\t\t<\/div>\n\t\t<div class=\"elementor-element elementor-element-f0951a8 e-con-full e-flex e-con e-child\" data-id=\"f0951a8\" data-element_type=\"container\" data-e-type=\"container\">\n\t\t\t\t<div class=\"elementor-element elementor-element-ea322b7 elementor-widget elementor-widget-heading\" data-id=\"ea322b7\" data-element_type=\"widget\" data-e-type=\"widget\" data-widget_type=\"heading.default\">\n\t\t\t\t<div class=\"elementor-widget-container\">\n\t\t\t\t\t<h2 class=\"elementor-heading-title elementor-size-default\">Ylit\u00e4mme odotukset<\/h2>\t\t\t\t<\/div>\n\t\t\t\t<\/div>\n\t\t\t\t<div class=\"elementor-element elementor-element-c19959b elementor-widget elementor-widget-text-editor\" data-id=\"c19959b\" data-element_type=\"widget\" data-e-type=\"widget\" data-widget_type=\"text-editor.default\">\n\t\t\t\t<div class=\"elementor-widget-container\">\n\t\t\t\t\t\t\t\t\t<p>Ota yhteytt\u00e4, niin toteutamme projektisi unelmat.<\/p>\n\t\t\t\t\t\t\t\t<\/div>\n\t\t\t\t<\/div>\n\t\t\t\t<div class=\"elementor-element elementor-element-89d2979 elementor-align-center elementor-widget elementor-widget-button\" data-id=\"89d2979\" data-element_type=\"widget\" data-e-type=\"widget\" data-widget_type=\"button.default\">\n\t\t\t\t<div class=\"elementor-widget-container\">\n\t\t\t\t\t\t\t\t\t<div class=\"elementor-button-wrapper\">\n\t\t\t\t\t<a class=\"elementor-button elementor-button-link elementor-size-sm\" href=\"https:\/\/www.engmanservices.fi\/fi\/pyyda-tarjous\/\">\n\t\t\t\t\t\t<span class=\"elementor-button-content-wrapper\">\n\t\t\t\t\t\t\t\t\t<span class=\"elementor-button-text\">Pyyd\u00e4 tarjous<\/span>\n\t\t\t\t\t<\/span>\n\t\t\t\t\t<\/a>\n\t\t\t\t<\/div>\n\t\t\t\t\t\t\t\t<\/div>\n\t\t\t\t<\/div>\n\t\t\t\t<\/div>\n\t\t\t\t\t<\/div>\n\t\t\t\t<\/div>\n\t\t\t\t<\/div>\n\t\t","protected":false},"excerpt":{"rendered":"<p>Lue lis\u00e4\u00e4 tarjoamistamme palveluista Rakennusty\u00f6t Kaikki raadoista lopulliseen maalaukseen ja sisustussuunnitteluun. S\u00e4hk\u00f6asennukset Suoritamme erityyppisi\u00e4 s\u00e4hk\u00f6asennuksia ja suunnittelua. Maanrakennusty\u00f6t Toteutamme kaikenlaisia maanrakennus- ja louhintahankkeita. Projektinhallinta ja koordinointi Teemme arkkitehtisuunnittelua, LVI- ja s\u00e4hk\u00f6suunnittelua jne. Kiinteist\u00f6jen hallinta Tarjoamme pitk\u00e4aikaista ja ammattimaista kiinteist\u00f6hallintoa sis\u00e4tilojen alueilla Kirjanpitopalvelut Tarjoamme kaiken kirjanpidon, laskentatoimen ja veroneuvonnan alalla Vuokraus Lue lis\u00e4\u00e4 vuokraustarjouksestamme Tee tiedustelu [&hellip;]<\/p>\n","protected":false},"author":1,"featured_media":0,"parent":0,"menu_order":0,"comment_status":"closed","ping_status":"closed","template":"elementor_header_footer","meta":{"footnotes":""},"class_list":["post-2448","page","type-page","status-publish","hentry"],"_links":{"self":[{"href":"https:\/\/www.engmanservices.fi\/fi\/wp-json\/wp\/v2\/pages\/2448","targetHints":{"allow":["GET"]}}],"collection":[{"href":"https:\/\/www.engmanservices.fi\/fi\/wp-json\/wp\/v2\/pages"}],"about":[{"href":"https:\/\/www.engmanservices.fi\/fi\/wp-json\/wp\/v2\/types\/page"}],"author":[{"embeddable":true,"href":"https:\/\/www.engmanservices.fi\/fi\/wp-json\/wp\/v2\/users\/1"}],"replies":[{"embeddable":true,"href":"https:\/\/www.engmanservices.fi\/fi\/wp-json\/wp\/v2\/comments?post=2448"}],"version-history":[{"count":4,"href":"https:\/\/www.engmanservices.fi\/fi\/wp-json\/wp\/v2\/pages\/2448\/revisions"}],"predecessor-version":[{"id":2591,"href":"https:\/\/www.engmanservices.fi\/fi\/wp-json\/wp\/v2\/pages\/2448\/revisions\/2591"}],"wp:attachment":[{"href":"https:\/\/www.engmanservices.fi\/fi\/wp-json\/wp\/v2\/media?parent=2448"}],"curies":[{"name":"wp","href":"https:\/\/api.w.org\/{rel}","templated":true}]}}