{"id":2658,"date":"2024-08-03T13:56:37","date_gmt":"2024-08-03T10:56:37","guid":{"rendered":"https:\/\/niijdawv.elementor.cloud\/projektinhallinta\/"},"modified":"2025-01-28T19:10:24","modified_gmt":"2025-01-28T16:10:24","slug":"projektinhallinta","status":"publish","type":"page","link":"https:\/\/www.engmanservices.fi\/fi\/projektinhallinta\/","title":{"rendered":"Projektinhallinta"},"content":{"rendered":"\t\t<div data-elementor-type=\"wp-page\" data-elementor-id=\"2658\" class=\"elementor elementor-2658 elementor-897\" data-elementor-post-type=\"page\">\n\t\t\t\t\t\t<section class=\"elementor-section elementor-top-section elementor-element elementor-element-436b2108 elementor-section-boxed elementor-section-height-default elementor-section-height-default\" data-id=\"436b2108\" data-element_type=\"section\" data-e-type=\"section\" data-settings=\"{&quot;background_background&quot;:&quot;classic&quot;}\">\n\t\t\t\t\t\t\t<div class=\"elementor-background-overlay\"><\/div>\n\t\t\t\t\t\t\t<div class=\"elementor-container elementor-column-gap-default\">\n\t\t\t\t\t<div class=\"elementor-column elementor-col-100 elementor-top-column elementor-element elementor-element-214630c9\" data-id=\"214630c9\" data-element_type=\"column\" data-e-type=\"column\">\n\t\t\t<div class=\"elementor-widget-wrap elementor-element-populated\">\n\t\t\t\t\t\t<div class=\"elementor-element elementor-element-687f321d elementor-invisible elementor-widget elementor-widget-heading\" data-id=\"687f321d\" data-element_type=\"widget\" data-e-type=\"widget\" data-settings=\"{&quot;_animation&quot;:&quot;fadeInDown&quot;}\" data-widget_type=\"heading.default\">\n\t\t\t\t<div class=\"elementor-widget-container\">\n\t\t\t\t\t<h1 class=\"elementor-heading-title elementor-size-default\">Projektinhallinta<\/h1>\t\t\t\t<\/div>\n\t\t\t\t<\/div>\n\t\t\t\t\t<\/div>\n\t\t<\/div>\n\t\t\t\t\t<\/div>\n\t\t<\/section>\n\t\t\t\t<section class=\"elementor-section elementor-top-section elementor-element elementor-element-4bb7f051 elementor-section-boxed elementor-section-height-default elementor-section-height-default\" data-id=\"4bb7f051\" data-element_type=\"section\" data-e-type=\"section\">\n\t\t\t\t\t\t<div class=\"elementor-container elementor-column-gap-default\">\n\t\t\t\t\t<div class=\"elementor-column elementor-col-66 elementor-top-column elementor-element elementor-element-38b121f2 elementor-invisible\" data-id=\"38b121f2\" data-element_type=\"column\" data-e-type=\"column\" data-settings=\"{&quot;animation&quot;:&quot;fadeIn&quot;}\">\n\t\t\t<div class=\"elementor-widget-wrap elementor-element-populated\">\n\t\t\t\t\t\t<div class=\"elementor-element elementor-element-7e6dfdd4 elementor-widget elementor-widget-heading\" data-id=\"7e6dfdd4\" data-element_type=\"widget\" data-e-type=\"widget\" data-widget_type=\"heading.default\">\n\t\t\t\t<div class=\"elementor-widget-container\">\n\t\t\t\t\t<h3 class=\"elementor-heading-title elementor-size-default\">Tuloksia tuottava projektinhallinta<\/h3>\t\t\t\t<\/div>\n\t\t\t\t<\/div>\n\t\t\t\t<div class=\"elementor-element elementor-element-e73f6f7 elementor-widget elementor-widget-text-editor\" data-id=\"e73f6f7\" data-element_type=\"widget\" data-e-type=\"widget\" data-widget_type=\"text-editor.default\">\n\t\t\t\t<div class=\"elementor-widget-container\">\n\t\t\t\t\t\t\t\t\t<p>Engman Services ottaa vastuun koko projektin etenemisest\u00e4 &#8211; aina suunnittelusta lopulliseen valmistumiseen. Projektinhallintamme perustuu selke\u00e4\u00e4n viestint\u00e4\u00e4n, huolelliseen kustannusten hallintaan ja tiiviiseen yhteisty\u00f6h\u00f6n asiakkaan kanssa, jotta lopputulos ylitt\u00e4\u00e4 odotukset. <\/p>\n<p>Ty\u00f6skentelemme kaikenkokoisten ja -tyyppisten hankkeiden parissa, aina uudisrakennuksista ja v\u00e4hitt\u00e4iskaupan rakennushankkeista pienempiin peruskorjauksiin ja r\u00e4\u00e4t\u00e4l\u00f6ityihin ratkaisuihin. Kokemuksemme ja asiantuntemuksemme ansiosta pystymme hallinnoimaan hankkeita, jotka vaihtelevat liikekiinteist\u00f6ist\u00e4 yksil\u00f6llisempiin rakennushankkeisiin. <\/p>\n<p>T<strong>\u00e4ydellinen ratkaisu jokaiseen projektiin<\/strong> Projektinhallintamme avulla saat t\u00e4ydellisen palvelun, jossa hoidamme kaikki prosessin osat:<\/p>\n<ul>\n<li><strong>Arkkitehtisuunnittelu<\/strong>: Teemme yhteisty\u00f6t\u00e4 arkkitehtien kanssa toiminnallisen ja esteettisen suunnittelun luomiseksi.<\/li>\n<li><strong>LVI- ja s\u00e4hk\u00f6suunnittelu:<\/strong> asennusten huolellinen suunnittelu sek\u00e4 teknisten ett\u00e4 ymp\u00e4rist\u00f6vaatimusten t\u00e4ytt\u00e4miseksi.<\/li>\n<li><strong>Rakennesuunnittelu:<\/strong> rakennuksen jokaisen osan kest\u00e4vyyden ja tehokkuuden varmistaminen.<\/li>\n<li><strong>Projektinhallinta ja kustannusten valvonta:<\/strong> Strukturoitu koordinointi, jotta projekti pysyy budjetissa ja aikataulussa.<\/li>\n<li><strong>Toteutus:<\/strong> hankkeen toteuttaminen, jossa keskityt\u00e4\u00e4n laatuun ja tarkkuuteen.<\/li>\n<\/ul>\n<p><strong>Miksi valita Engman Services?<\/strong><br \/>Tarjoamme kokemuksen ja asiantuntemuksen lis\u00e4ksi my\u00f6s asiakasl\u00e4ht\u00f6isen l\u00e4hestymistavan, joka tekee jokaisesta projektista sujuvan ja onnistuneen. Projektip\u00e4\u00e4llikk\u00f6mme ovat sertifioituja ja varmistavat, ett\u00e4 prosessin jokaisessa vaiheessa noudatetaan alan korkeimpia standardeja. Lis\u00e4ksi pystymme hoitamaan sek\u00e4 pienet ett\u00e4 suuret hankkeet samalla sitoutumisella ja kurinalaisuudella.  <\/p>\n<p>Kun Engman Services on kumppanisi, voit olla varma, ett\u00e4 toimitamme ratkaisut, jotka vastaavat erityistarpeitasi, pysyv\u00e4t budjetissa ja noudattavat aikatauluja.<\/p>\n<p><strong>Anna meid\u00e4n auttaa sinua seuraavassa projektissasi!<\/strong><br \/>Ota meihin yhteytt\u00e4 jo t\u00e4n\u00e4\u00e4n, niin keskustellaan siit\u00e4, miten voimme auttaa sinua toteuttamaan rakennussuunnitelmasi &#8211; kokonaisvaltaisella l\u00e4hestymistavalla, joka tekee eron.<\/p>\n\t\t\t\t\t\t\t\t<\/div>\n\t\t\t\t<\/div>\n\t\t\t\t\t<\/div>\n\t\t<\/div>\n\t\t\t\t<div class=\"elementor-column elementor-col-33 elementor-top-column elementor-element elementor-element-5434a8d1 elementor-invisible\" data-id=\"5434a8d1\" data-element_type=\"column\" data-e-type=\"column\" data-settings=\"{&quot;animation&quot;:&quot;fadeInRight&quot;}\">\n\t\t\t<div class=\"elementor-widget-wrap elementor-element-populated\">\n\t\t\t\t\t\t<div class=\"elementor-element elementor-element-23b2e0ba elementor-cta--skin-cover elementor-cta--valign-bottom elementor-cta--sequenced-animation elementor-animated-content elementor-bg-transform elementor-bg-transform-zoom-in elementor-widget elementor-widget-call-to-action\" data-id=\"23b2e0ba\" data-element_type=\"widget\" data-e-type=\"widget\" data-widget_type=\"call-to-action.default\">\n\t\t\t\t<div class=\"elementor-widget-container\">\n\t\t\t\t\t\t\t<a class=\"elementor-cta\" href=\"https:\/\/www.engmanservices.fi\/fi\/ota-yhteytta\/\">\n\t\t\t\t\t<div class=\"elementor-cta__bg-wrapper\">\n\t\t\t\t<div class=\"elementor-cta__bg elementor-bg\" style=\"background-image: url(https:\/\/www.engmanservices.fi\/wp-content\/uploads\/2024\/07\/IMG-20230530-WA0015-768x1024.jpg);\" role=\"img\" aria-label=\"IMG-20230530-WA0015\"><\/div>\n\t\t\t\t<div class=\"elementor-cta__bg-overlay\"><\/div>\n\t\t\t<\/div>\n\t\t\t\t\t\t\t<div class=\"elementor-cta__content\">\n\t\t\t\t\n\t\t\t\t\t\t\t\t\t<h3 class=\"elementor-cta__title elementor-cta__content-item elementor-content-item elementor-animated-item--grow\">\n\t\t\t\t\t\tOnko teill\u00e4 kysytt\u00e4v\u00e4\u00e4?\t\t\t\t\t<\/h3>\n\t\t\t\t\n\t\t\t\t\t\t\t\t\t<div class=\"elementor-cta__description elementor-cta__content-item elementor-content-item elementor-animated-item--grow\">\n\t\t\t\t\t\t<p>Ota meihin yhteytt\u00e4 painamalla painiketta ja t\u00e4ytt\u00e4m\u00e4ll\u00e4 lomake.<\/p>\n\t\t\t\t\t<\/div>\n\t\t\t\t\n\t\t\t\t\t\t\t\t\t<div class=\"elementor-cta__button-wrapper elementor-cta__content-item elementor-content-item elementor-animated-item--grow\">\n\t\t\t\t\t<span class=\"elementor-cta__button elementor-button elementor-size-md\">\n\t\t\t\t\t\tOta yhteytt\u00e4\t\t\t\t\t<\/span>\n\t\t\t\t\t<\/div>\n\t\t\t\t\t\t\t<\/div>\n\t\t\t\t\t\t<\/a>\n\t\t\t\t\t\t<\/div>\n\t\t\t\t<\/div>\n\t\t\t\t\t<\/div>\n\t\t<\/div>\n\t\t\t\t\t<\/div>\n\t\t<\/section>\n\t\t<div class=\"elementor-element elementor-element-1a0dbea e-con-full e-flex e-con e-parent\" data-id=\"1a0dbea\" data-element_type=\"container\" data-e-type=\"container\" data-settings=\"{&quot;background_background&quot;:&quot;classic&quot;}\">\n\t\t\t\t<div class=\"elementor-element elementor-element-d89ad40 elementor-widget__width-inherit elementor-widget elementor-widget-toggle\" data-id=\"d89ad40\" data-element_type=\"widget\" data-e-type=\"widget\" data-widget_type=\"toggle.default\">\n\t\t\t\t<div class=\"elementor-widget-container\">\n\t\t\t\t\t\t\t<div class=\"elementor-toggle\">\n\t\t\t\t\t\t\t<div class=\"elementor-toggle-item\">\n\t\t\t\t\t<h3 id=\"elementor-tab-title-2271\" class=\"elementor-tab-title\" data-tab=\"1\" role=\"button\" aria-controls=\"elementor-tab-content-2271\" aria-expanded=\"false\">\n\t\t\t\t\t\t\t\t\t\t\t\t<span class=\"elementor-toggle-icon elementor-toggle-icon-right\" aria-hidden=\"true\">\n\t\t\t\t\t\t\t\t\t\t\t\t\t\t\t<span class=\"elementor-toggle-icon-closed\"><svg class=\"e-font-icon-svg e-fas-plus\" viewBox=\"0 0 448 512\" xmlns=\"http:\/\/www.w3.org\/2000\/svg\"><path d=\"M416 208H272V64c0-17.67-14.33-32-32-32h-32c-17.67 0-32 14.33-32 32v144H32c-17.67 0-32 14.33-32 32v32c0 17.67 14.33 32 32 32h144v144c0 17.67 14.33 32 32 32h32c17.67 0 32-14.33 32-32V304h144c17.67 0 32-14.33 32-32v-32c0-17.67-14.33-32-32-32z\"><\/path><\/svg><\/span>\n\t\t\t\t\t\t\t\t<span class=\"elementor-toggle-icon-opened\"><svg class=\"elementor-toggle-icon-opened e-font-icon-svg e-fas-minus\" viewBox=\"0 0 448 512\" xmlns=\"http:\/\/www.w3.org\/2000\/svg\"><path d=\"M416 208H32c-17.67 0-32 14.33-32 32v32c0 17.67 14.33 32 32 32h384c17.67 0 32-14.33 32-32v-32c0-17.67-14.33-32-32-32z\"><\/path><\/svg><\/span>\n\t\t\t\t\t\t\t\t\t\t\t\t\t<\/span>\n\t\t\t\t\t\t\t\t\t\t\t\t<a class=\"elementor-toggle-title\" tabindex=\"0\">Mit\u00e4 projektinhallinta on Engman Servicesiss\u00e4?<\/a>\n\t\t\t\t\t<\/h3>\n\n\t\t\t\t\t<div id=\"elementor-tab-content-2271\" class=\"elementor-tab-content elementor-clearfix\" data-tab=\"1\" role=\"region\" aria-labelledby=\"elementor-tab-title-2271\"><p>Engman Servicesin projektinhallinta tarkoittaa, ett\u00e4 otamme vastuun koko prosessista &#8211; suunnittelusta sen loppuun asti. Teemme yhteisty\u00f6t\u00e4 arkkitehtien, LVI- ja s\u00e4hk\u00f6alan konsulttien sek\u00e4 suunnittelijoiden kanssa varmistaaksemme, ett\u00e4 hanke toteutetaan asiakkaan toiveiden mukaisesti. Varmistamme, ett\u00e4 kaikki sujuu moitteettomasti huolellisella kustannusten valvonnalla ja tiiviill\u00e4 yhteydenpidolla asiakkaaseen.  <\/p>\n<\/div>\n\t\t\t\t<\/div>\n\t\t\t\t\t\t\t<div class=\"elementor-toggle-item\">\n\t\t\t\t\t<h3 id=\"elementor-tab-title-2272\" class=\"elementor-tab-title\" data-tab=\"2\" role=\"button\" aria-controls=\"elementor-tab-content-2272\" aria-expanded=\"false\">\n\t\t\t\t\t\t\t\t\t\t\t\t<span class=\"elementor-toggle-icon elementor-toggle-icon-right\" aria-hidden=\"true\">\n\t\t\t\t\t\t\t\t\t\t\t\t\t\t\t<span class=\"elementor-toggle-icon-closed\"><svg class=\"e-font-icon-svg e-fas-plus\" viewBox=\"0 0 448 512\" xmlns=\"http:\/\/www.w3.org\/2000\/svg\"><path d=\"M416 208H272V64c0-17.67-14.33-32-32-32h-32c-17.67 0-32 14.33-32 32v144H32c-17.67 0-32 14.33-32 32v32c0 17.67 14.33 32 32 32h144v144c0 17.67 14.33 32 32 32h32c17.67 0 32-14.33 32-32V304h144c17.67 0 32-14.33 32-32v-32c0-17.67-14.33-32-32-32z\"><\/path><\/svg><\/span>\n\t\t\t\t\t\t\t\t<span class=\"elementor-toggle-icon-opened\"><svg class=\"elementor-toggle-icon-opened e-font-icon-svg e-fas-minus\" viewBox=\"0 0 448 512\" xmlns=\"http:\/\/www.w3.org\/2000\/svg\"><path d=\"M416 208H32c-17.67 0-32 14.33-32 32v32c0 17.67 14.33 32 32 32h384c17.67 0 32-14.33 32-32v-32c0-17.67-14.33-32-32-32z\"><\/path><\/svg><\/span>\n\t\t\t\t\t\t\t\t\t\t\t\t\t<\/span>\n\t\t\t\t\t\t\t\t\t\t\t\t<a class=\"elementor-toggle-title\" tabindex=\"0\">Millaisia projekteja Engman Services voi hallita?<\/a>\n\t\t\t\t\t<\/h3>\n\n\t\t\t\t\t<div id=\"elementor-tab-content-2272\" class=\"elementor-tab-content elementor-clearfix\" data-tab=\"2\" role=\"region\" aria-labelledby=\"elementor-tab-title-2272\"><p>Meill\u00e4 on kokemusta erikokoisista ja -tyyppisist\u00e4 hankkeista, liikerakennuksista ja v\u00e4hitt\u00e4iskaupan kehityshankkeista pienempiin peruskorjauksiin ja r\u00e4\u00e4t\u00e4l\u00f6ityihin hankkeisiin. Olipa kyseess\u00e4 sitten uudisrakennus tai peruskorjaus, varmistamme, ett\u00e4 hanke vastaa asiakkaan tarpeita ja pysyy budjetissa ja aikataulussa. <\/p>\n<\/div>\n\t\t\t\t<\/div>\n\t\t\t\t\t\t\t<div class=\"elementor-toggle-item\">\n\t\t\t\t\t<h3 id=\"elementor-tab-title-2273\" class=\"elementor-tab-title\" data-tab=\"3\" role=\"button\" aria-controls=\"elementor-tab-content-2273\" aria-expanded=\"false\">\n\t\t\t\t\t\t\t\t\t\t\t\t<span class=\"elementor-toggle-icon elementor-toggle-icon-right\" aria-hidden=\"true\">\n\t\t\t\t\t\t\t\t\t\t\t\t\t\t\t<span class=\"elementor-toggle-icon-closed\"><svg class=\"e-font-icon-svg e-fas-plus\" viewBox=\"0 0 448 512\" xmlns=\"http:\/\/www.w3.org\/2000\/svg\"><path d=\"M416 208H272V64c0-17.67-14.33-32-32-32h-32c-17.67 0-32 14.33-32 32v144H32c-17.67 0-32 14.33-32 32v32c0 17.67 14.33 32 32 32h144v144c0 17.67 14.33 32 32 32h32c17.67 0 32-14.33 32-32V304h144c17.67 0 32-14.33 32-32v-32c0-17.67-14.33-32-32-32z\"><\/path><\/svg><\/span>\n\t\t\t\t\t\t\t\t<span class=\"elementor-toggle-icon-opened\"><svg class=\"elementor-toggle-icon-opened e-font-icon-svg e-fas-minus\" viewBox=\"0 0 448 512\" xmlns=\"http:\/\/www.w3.org\/2000\/svg\"><path d=\"M416 208H32c-17.67 0-32 14.33-32 32v32c0 17.67 14.33 32 32 32h384c17.67 0 32-14.33 32-32v-32c0-17.67-14.33-32-32-32z\"><\/path><\/svg><\/span>\n\t\t\t\t\t\t\t\t\t\t\t\t\t<\/span>\n\t\t\t\t\t\t\t\t\t\t\t\t<a class=\"elementor-toggle-title\" tabindex=\"0\">Mit\u00e4 etuja on valita Engman Services projektinhallintaan?<\/a>\n\t\t\t\t\t<\/h3>\n\n\t\t\t\t\t<div id=\"elementor-tab-content-2273\" class=\"elementor-tab-content elementor-clearfix\" data-tab=\"3\" role=\"region\" aria-labelledby=\"elementor-tab-title-2273\"><p>Kun otat Engman Servicesin k\u00e4ytt\u00f6\u00f6n projektinhallinnan, saat kokonaisvaltaisen ratkaisun. Me huolehdimme projektin suunnittelusta, koordinoinnista ja toteutuksesta keskittyen samalla kustannustehokkuuteen ja laatuun. Kokemuksemme ja j\u00e4sennelty ty\u00f6menetelm\u00e4mme v\u00e4hent\u00e4v\u00e4t stressi\u00e4 sinulle asiakkaana ja sujuvoittavat lopputuloksen saavuttamista.  <\/p>\n<\/div>\n\t\t\t\t<\/div>\n\t\t\t\t\t\t\t\t\t\t<script type=\"application\/ld+json\">{\"@context\":\"https:\\\/\\\/schema.org\",\"@type\":\"FAQPage\",\"mainEntity\":[{\"@type\":\"Question\",\"name\":\"Mit\\u00e4 projektinhallinta on Engman Servicesiss\\u00e4?\",\"acceptedAnswer\":{\"@type\":\"Answer\",\"text\":\"<p>Engman Servicesin projektinhallinta tarkoittaa, ett\\u00e4 otamme vastuun koko prosessista &#8211; suunnittelusta sen loppuun asti. Teemme yhteisty\\u00f6t\\u00e4 arkkitehtien, LVI- ja s\\u00e4hk\\u00f6alan konsulttien sek\\u00e4 suunnittelijoiden kanssa varmistaaksemme, ett\\u00e4 hanke toteutetaan asiakkaan toiveiden mukaisesti. Varmistamme, ett\\u00e4 kaikki sujuu moitteettomasti huolellisella kustannusten valvonnalla ja tiiviill\\u00e4 yhteydenpidolla asiakkaaseen.  <\\\/p>\\n\"}},{\"@type\":\"Question\",\"name\":\"Millaisia projekteja Engman Services voi hallita?\",\"acceptedAnswer\":{\"@type\":\"Answer\",\"text\":\"<p>Meill\\u00e4 on kokemusta erikokoisista ja -tyyppisist\\u00e4 hankkeista, liikerakennuksista ja v\\u00e4hitt\\u00e4iskaupan kehityshankkeista pienempiin peruskorjauksiin ja r\\u00e4\\u00e4t\\u00e4l\\u00f6ityihin hankkeisiin. Olipa kyseess\\u00e4 sitten uudisrakennus tai peruskorjaus, varmistamme, ett\\u00e4 hanke vastaa asiakkaan tarpeita ja pysyy budjetissa ja aikataulussa. <\\\/p>\\n\"}},{\"@type\":\"Question\",\"name\":\"Mit\\u00e4 etuja on valita Engman Services projektinhallintaan?\",\"acceptedAnswer\":{\"@type\":\"Answer\",\"text\":\"<p>Kun otat Engman Servicesin k\\u00e4ytt\\u00f6\\u00f6n projektinhallinnan, saat kokonaisvaltaisen ratkaisun. Me huolehdimme projektin suunnittelusta, koordinoinnista ja toteutuksesta keskittyen samalla kustannustehokkuuteen ja laatuun. Kokemuksemme ja j\\u00e4sennelty ty\\u00f6menetelm\\u00e4mme v\\u00e4hent\\u00e4v\\u00e4t stressi\\u00e4 sinulle asiakkaana ja sujuvoittavat lopputuloksen saavuttamista.  <\\\/p>\\n\"}}]}<\/script>\n\t\t\t\t\t<\/div>\n\t\t\t\t\t\t<\/div>\n\t\t\t\t<\/div>\n\t\t\t\t<\/div>\n\t\t<div class=\"elementor-element elementor-element-02792b1 e-flex e-con-boxed e-con e-parent\" data-id=\"02792b1\" data-element_type=\"container\" data-e-type=\"container\">\n\t\t\t\t\t<div class=\"e-con-inner\">\n\t\t\t\t<div class=\"elementor-element elementor-element-01d17da elementor-widget elementor-widget-heading\" data-id=\"01d17da\" data-element_type=\"widget\" data-e-type=\"widget\" data-widget_type=\"heading.default\">\n\t\t\t\t<div class=\"elementor-widget-container\">\n\t\t\t\t\t<h3 class=\"elementor-heading-title elementor-size-default\">toimii<\/h3>\t\t\t\t<\/div>\n\t\t\t\t<\/div>\n\t\t\t\t<div class=\"elementor-element elementor-element-3f988a7 elementor-widget elementor-widget-gallery\" data-id=\"3f988a7\" data-element_type=\"widget\" data-e-type=\"widget\" data-settings=\"{&quot;gallery_layout&quot;:&quot;masonry&quot;,&quot;lazyload&quot;:&quot;yes&quot;,&quot;columns&quot;:4,&quot;columns_tablet&quot;:2,&quot;columns_mobile&quot;:1,&quot;gap&quot;:{&quot;unit&quot;:&quot;px&quot;,&quot;size&quot;:10,&quot;sizes&quot;:[]},&quot;gap_tablet&quot;:{&quot;unit&quot;:&quot;px&quot;,&quot;size&quot;:10,&quot;sizes&quot;:[]},&quot;gap_mobile&quot;:{&quot;unit&quot;:&quot;px&quot;,&quot;size&quot;:10,&quot;sizes&quot;:[]},&quot;overlay_background&quot;:&quot;yes&quot;,&quot;content_hover_animation&quot;:&quot;fade-in&quot;}\" data-widget_type=\"gallery.default\">\n\t\t\t\t<div class=\"elementor-widget-container\">\n\t\t\t\t\t\t\t<div class=\"elementor-gallery__container\">\n\t\t\t\t\t\t\t<div class=\"e-gallery-item elementor-gallery-item elementor-animated-content\">\n\t\t\t\t\t<div class=\"e-gallery-image elementor-gallery-item__image\" data-thumbnail=\"https:\/\/www.engmanservices.fi\/wp-content\/uploads\/2024\/07\/Image-e1720096688122-768x576.png\" data-width=\"768\" data-height=\"576\" aria-label=\"\" role=\"img\" ><\/div>\n\t\t\t\t\t\t\t\t\t\t\t<div class=\"elementor-gallery-item__overlay\"><\/div>\n\t\t\t\t\t\t\t\t\t\t\t\t\t\t<\/div>\n\t\t\t\t\t<\/div>\n\t\t\t\t\t<\/div>\n\t\t\t\t<\/div>\n\t\t\t\t\t<\/div>\n\t\t\t\t<\/div>\n\t\t\t\t<\/div>\n\t\t","protected":false},"excerpt":{"rendered":"<p>Tuloksia tuottava projektinhallinta Engman Services ottaa vastuun koko projektin etenemisest\u00e4 &#8211; aina suunnittelusta lopulliseen valmistumiseen. Projektinhallintamme perustuu selke\u00e4\u00e4n viestint\u00e4\u00e4n, huolelliseen kustannusten hallintaan ja tiiviiseen yhteisty\u00f6h\u00f6n asiakkaan kanssa, jotta lopputulos ylitt\u00e4\u00e4 odotukset. Ty\u00f6skentelemme kaikenkokoisten ja -tyyppisten hankkeiden parissa, aina uudisrakennuksista ja v\u00e4hitt\u00e4iskaupan rakennushankkeista pienempiin peruskorjauksiin ja r\u00e4\u00e4t\u00e4l\u00f6ityihin ratkaisuihin. Kokemuksemme ja asiantuntemuksemme ansiosta pystymme hallinnoimaan hankkeita, jotka [&hellip;]<\/p>\n","protected":false},"author":1,"featured_media":0,"parent":0,"menu_order":0,"comment_status":"closed","ping_status":"closed","template":"elementor_header_footer","meta":{"footnotes":""},"class_list":["post-2658","page","type-page","status-publish","hentry"],"_links":{"self":[{"href":"https:\/\/www.engmanservices.fi\/fi\/wp-json\/wp\/v2\/pages\/2658","targetHints":{"allow":["GET"]}}],"collection":[{"href":"https:\/\/www.engmanservices.fi\/fi\/wp-json\/wp\/v2\/pages"}],"about":[{"href":"https:\/\/www.engmanservices.fi\/fi\/wp-json\/wp\/v2\/types\/page"}],"author":[{"embeddable":true,"href":"https:\/\/www.engmanservices.fi\/fi\/wp-json\/wp\/v2\/users\/1"}],"replies":[{"embeddable":true,"href":"https:\/\/www.engmanservices.fi\/fi\/wp-json\/wp\/v2\/comments?post=2658"}],"version-history":[{"count":2,"href":"https:\/\/www.engmanservices.fi\/fi\/wp-json\/wp\/v2\/pages\/2658\/revisions"}],"predecessor-version":[{"id":2662,"href":"https:\/\/www.engmanservices.fi\/fi\/wp-json\/wp\/v2\/pages\/2658\/revisions\/2662"}],"wp:attachment":[{"href":"https:\/\/www.engmanservices.fi\/fi\/wp-json\/wp\/v2\/media?parent=2658"}],"curies":[{"name":"wp","href":"https:\/\/api.w.org\/{rel}","templated":true}]}}